{"id":2436,"date":"2024-10-01T21:08:42","date_gmt":"2024-10-01T21:08:42","guid":{"rendered":"https:\/\/amoryrestauracion.co\/main\/?page_id=2436"},"modified":"2025-06-12T19:37:48","modified_gmt":"2025-06-12T19:37:48","slug":"red-de-apoyo-2024","status":"publish","type":"page","link":"https:\/\/amoryrestauracion.co\/main\/red-de-apoyo-2024\/","title":{"rendered":"Red de Apoyo"},"content":{"rendered":"<figure style=\"aspect-ratio:auto; padding-top:0;padding-bottom:0;padding-left:0;padding-right:0;\" class=\"aligncenter wp-block-post-featured-image\"><img fetchpriority=\"high\" decoding=\"async\" width=\"1920\" height=\"480\" src=\"https:\/\/amoryrestauracion.co\/main\/wp-content\/uploads\/2024\/08\/Sin-titulo-1.png\" class=\"attachment-post-thumbnail size-post-thumbnail wp-post-image\" alt=\"\" style=\"width:100%;height:100%;object-fit:cover;\" srcset=\"https:\/\/amoryrestauracion.co\/main\/wp-content\/uploads\/2024\/08\/Sin-titulo-1.png 1920w, https:\/\/amoryrestauracion.co\/main\/wp-content\/uploads\/2024\/08\/Sin-titulo-1-300x75.png 300w, https:\/\/amoryrestauracion.co\/main\/wp-content\/uploads\/2024\/08\/Sin-titulo-1-1024x256.png 1024w, https:\/\/amoryrestauracion.co\/main\/wp-content\/uploads\/2024\/08\/Sin-titulo-1-768x192.png 768w, https:\/\/amoryrestauracion.co\/main\/wp-content\/uploads\/2024\/08\/Sin-titulo-1-100x25.png 100w, https:\/\/amoryrestauracion.co\/main\/wp-content\/uploads\/2024\/08\/Sin-titulo-1-1536x384.png 1536w\" sizes=\"(max-width: 1920px) 100vw, 1920px\" \/><\/figure>\n\n\n<p class=\"has-text-align-center has-custom-azul-medio-color has-text-color has-link-color has-medium-font-size wp-elements-9e4e7b8c078ea37013fd3fa2ed9455f1\" style=\"margin-top:var(--wp--preset--spacing--70);margin-bottom:var(--wp--preset--spacing--70);font-style:normal;font-weight:400\"><em>Somos familias que <\/em><strong><em>nos amamos con amor fraternal<\/em> <\/strong><br><em>y por eso buscamos poder suplir las necesidades que <\/em><br><em>se<\/em> <em>generen en nuestra comunidad con lo que el Padre nos ha dado.<\/em><\/p>\n\n\n\n<div class=\"wp-block-group animated zoomIn is-vertical is-content-justification-center is-layout-flex wp-container-core-group-is-layout-5 wp-block-group-is-layout-flex\" style=\"margin-top:var(--wp--preset--spacing--80);margin-bottom:var(--wp--preset--spacing--80);font-style:normal;font-weight:400\">\n<div class=\"wp-block-group has-custom-azul-medio-color has-text-color has-link-color wp-elements-5c07679a663d6d39a0e24df685e17734 is-content-justification-center is-nowrap is-layout-flex wp-container-core-group-is-layout-4 wp-block-group-is-layout-flex\" style=\"margin-top:0;margin-bottom:0\">\n<div class=\"wp-block-group is-vertical is-content-justification-center is-layout-flex wp-container-core-group-is-layout-1 wp-block-group-is-layout-flex\">\n<figure class=\"wp-block-image size-full is-resized\"><a href=\"https:\/\/amoryrestauracion.co\/main\/wp-content\/uploads\/2024\/08\/holding-hands.png\"><img decoding=\"async\" width=\"512\" height=\"512\" src=\"https:\/\/amoryrestauracion.co\/main\/wp-content\/uploads\/2024\/08\/holding-hands.png\" alt=\"\" class=\"wp-image-2492\" style=\"width:151px\" srcset=\"https:\/\/amoryrestauracion.co\/main\/wp-content\/uploads\/2024\/08\/holding-hands.png 512w, https:\/\/amoryrestauracion.co\/main\/wp-content\/uploads\/2024\/08\/holding-hands-300x300.png 300w, https:\/\/amoryrestauracion.co\/main\/wp-content\/uploads\/2024\/08\/holding-hands-150x150.png 150w, https:\/\/amoryrestauracion.co\/main\/wp-content\/uploads\/2024\/08\/holding-hands-100x100.png 100w\" sizes=\"(max-width: 512px) 100vw, 512px\" \/><\/a><\/figure>\n\n\n\n<h4 class=\"wp-block-heading\"><em>Intercesi\u00f3n<\/em><\/h4>\n\n\n\n<p class=\"has-text-align-center\">Es un grupo que est\u00e1 conectado 24\/7 <br>para apoyarte en oraci\u00f3n, tienes algo<br> para agradecer, interceder, o simplemente <br>est\u00e1s dispuesto a orar por otros,<br> an\u00edmate para hacer parte de este grupo.<\/p>\n<\/div>\n\n\n\n<div class=\"wp-block-group is-vertical is-content-justification-center is-layout-flex wp-container-core-group-is-layout-2 wp-block-group-is-layout-flex\">\n<figure class=\"wp-block-image size-full is-resized\"><a href=\"https:\/\/amoryrestauracion.co\/main\/wp-content\/uploads\/2024\/08\/hug.png\"><img decoding=\"async\" width=\"512\" height=\"512\" src=\"https:\/\/amoryrestauracion.co\/main\/wp-content\/uploads\/2024\/08\/hug.png\" alt=\"\" class=\"wp-image-2493\" style=\"width:151px\" srcset=\"https:\/\/amoryrestauracion.co\/main\/wp-content\/uploads\/2024\/08\/hug.png 512w, https:\/\/amoryrestauracion.co\/main\/wp-content\/uploads\/2024\/08\/hug-300x300.png 300w, https:\/\/amoryrestauracion.co\/main\/wp-content\/uploads\/2024\/08\/hug-150x150.png 150w, https:\/\/amoryrestauracion.co\/main\/wp-content\/uploads\/2024\/08\/hug-100x100.png 100w\" sizes=\"(max-width: 512px) 100vw, 512px\" \/><\/a><\/figure>\n\n\n\n<h4 class=\"wp-block-heading\"><em>\u00a1No est\u00e1s solo!<\/em><\/h4>\n\n\n\n<p class=\"has-text-align-center\">Un equipo de siervos est\u00e1 dispuesto <br>a darte la bienvenida y acompa\u00f1arte <br>en el momento que lo necesites, <br>apoy\u00e1ndote en tus necesidades<br> y celebrando tus buenas noticias.<\/p>\n<\/div>\n\n\n\n<div class=\"wp-block-group is-vertical is-content-justification-center is-layout-flex wp-container-core-group-is-layout-3 wp-block-group-is-layout-flex\">\n<figure class=\"wp-block-image size-full is-resized\"><a href=\"https:\/\/amoryrestauracion.co\/main\/wp-content\/uploads\/2024\/08\/groceries.png\"><img loading=\"lazy\" decoding=\"async\" width=\"512\" height=\"512\" src=\"https:\/\/amoryrestauracion.co\/main\/wp-content\/uploads\/2024\/08\/groceries.png\" alt=\"\" class=\"wp-image-2491\" style=\"width:151px\" srcset=\"https:\/\/amoryrestauracion.co\/main\/wp-content\/uploads\/2024\/08\/groceries.png 512w, https:\/\/amoryrestauracion.co\/main\/wp-content\/uploads\/2024\/08\/groceries-300x300.png 300w, https:\/\/amoryrestauracion.co\/main\/wp-content\/uploads\/2024\/08\/groceries-150x150.png 150w, https:\/\/amoryrestauracion.co\/main\/wp-content\/uploads\/2024\/08\/groceries-100x100.png 100w\" sizes=\"(max-width: 512px) 100vw, 512px\" \/><\/a><\/figure>\n\n\n\n<h4 class=\"wp-block-heading\"><em>Ayudamos.<\/em><\/h4>\n\n\n\n<p class=\"has-text-align-center\">Comparte como en la iglesia de los Hechos <br>donando alimentos  y art\u00edculos de aseo para el <br>Mercado del Amor. Entrega en la oficina o <br>haz una donaci\u00f3n especificando la causa.<\/p>\n<\/div>\n<\/div>\n\n\n\n<div class=\"wp-block-buttons is-layout-flex wp-block-buttons-is-layout-flex\" style=\"margin-top:0;margin-bottom:0\">\n<div class=\"wp-block-button\"><a class=\"wp-block-button__link has-background-color has-text-color has-link-color wp-element-button\" href=\"https:\/\/forms.gle\/8D2TcrGHLPgzydLC7\">Aqu\u00ed te podemos ayudar<\/a><\/div>\n<\/div>\n<\/div>\n\n\n\n<figure class=\"wp-block-image size-full\"><a href=\"https:\/\/amoryrestauracion.co\/main\/wp-content\/uploads\/2022\/07\/conectamos-suenos.png\"><img loading=\"lazy\" decoding=\"async\" width=\"1920\" height=\"446\" src=\"https:\/\/amoryrestauracion.co\/main\/wp-content\/uploads\/2022\/07\/conectamos-suenos.png\" alt=\"\" class=\"wp-image-1878\" style=\"object-fit:cover\" srcset=\"https:\/\/amoryrestauracion.co\/main\/wp-content\/uploads\/2022\/07\/conectamos-suenos.png 1920w, https:\/\/amoryrestauracion.co\/main\/wp-content\/uploads\/2022\/07\/conectamos-suenos-300x70.png 300w, https:\/\/amoryrestauracion.co\/main\/wp-content\/uploads\/2022\/07\/conectamos-suenos-1024x238.png 1024w, https:\/\/amoryrestauracion.co\/main\/wp-content\/uploads\/2022\/07\/conectamos-suenos-768x178.png 768w, https:\/\/amoryrestauracion.co\/main\/wp-content\/uploads\/2022\/07\/conectamos-suenos-1536x357.png 1536w\" sizes=\"(max-width: 1920px) 100vw, 1920px\" \/><\/a><\/figure>\n\n\n\n<div class=\"wp-block-group has-custom-azul-medio-color has-text-color has-link-color has-medium-font-size wp-elements-7e66ae23d1e4477c4b931523791d7433 is-layout-constrained wp-container-core-group-is-layout-8 wp-block-group-is-layout-constrained\" style=\"padding-right:0;padding-left:0;font-style:normal;font-weight:400\">\n<div class=\"wp-block-group is-vertical is-content-justification-center is-layout-flex wp-container-core-group-is-layout-7 wp-block-group-is-layout-flex\">\n<p class=\"has-text-align-center has-custom-azul-medio-color has-text-color has-link-color wp-elements-d3af5f8897f9b66ce50a47a3e036569f\" style=\"padding-top:var(--wp--preset--spacing--30);padding-right:var(--wp--preset--spacing--80);padding-bottom:var(--wp--preset--spacing--30);padding-left:var(--wp--preset--spacing--80)\">De Jes\u00fas tenemos, de Jes\u00fas entonces demos (Hechos 3:6). <br>En momento de constantes cambios surge esta idea, podemos ofrendar <br>y tambi\u00e9n poner a trabajar nuestras habilidades, y mejor a\u00fan que los dem\u00e1s lo puedan conocer.<\/p>\n\n\n\n<p class=\"has-text-align-center has-custom-azul-medio-color has-text-color has-link-color wp-elements-0c77858b9b4396da1e2d90f2d376e7a6\" style=\"padding-top:0;padding-right:var(--wp--preset--spacing--80);padding-bottom:0;padding-left:var(--wp--preset--spacing--80)\"><strong><em>A veces buscamos algo y no sabemos que alguien de Amor y Restauraci\u00f3n puede estar ofreci\u00e9ndolo<\/em><\/strong> <br>o tenemos algo que alguien m\u00e1s puede estar necesitando y no lo sabemos;<br> por eso este espacio es para que tus ideas, habilidades, dones, talentos,<br> emprendimientos, est\u00e9n al conocimiento de los dem\u00e1s (G\u00e1latas 6:10).<\/p>\n\n\n\n<div class=\"wp-block-buttons is-content-justification-center is-layout-flex wp-container-core-buttons-is-layout-2 wp-block-buttons-is-layout-flex\">\n<div class=\"wp-block-button\"><a class=\"wp-block-button__link has-background-color has-text-color has-link-color wp-element-button\" href=\"https:\/\/amoryrestauracion.co\/main\/wp-content\/uploads\/2024\/08\/Base-de-Datos-Conectamos-Suenos.pdf\">Encuentra<\/a><\/div>\n\n\n\n<div class=\"wp-block-button\"><a class=\"wp-block-button__link has-background-color has-text-color has-link-color wp-element-button\" href=\"https:\/\/forms.gle\/rTS7Cyzqsz3AMeg69\">Inscribe<\/a><\/div>\n<\/div>\n\n\n\n<div class=\"wp-block-group is-nowrap is-layout-flex wp-container-core-group-is-layout-6 wp-block-group-is-layout-flex\" style=\"padding-top:var(--wp--preset--spacing--60);padding-bottom:var(--wp--preset--spacing--60)\">\n<figure class=\"wp-block-image size-full is-resized\"><a href=\"https:\/\/amoryrestauracion.co\/main\/wp-content\/uploads\/2024\/08\/mas-formas.png\"><img loading=\"lazy\" decoding=\"async\" width=\"1006\" height=\"1007\" src=\"https:\/\/amoryrestauracion.co\/main\/wp-content\/uploads\/2024\/08\/mas-formas.png\" alt=\"\" class=\"wp-image-2467\" style=\"width:151px\" srcset=\"https:\/\/amoryrestauracion.co\/main\/wp-content\/uploads\/2024\/08\/mas-formas.png 1006w, https:\/\/amoryrestauracion.co\/main\/wp-content\/uploads\/2024\/08\/mas-formas-300x300.png 300w, https:\/\/amoryrestauracion.co\/main\/wp-content\/uploads\/2024\/08\/mas-formas-150x150.png 150w, https:\/\/amoryrestauracion.co\/main\/wp-content\/uploads\/2024\/08\/mas-formas-768x769.png 768w, https:\/\/amoryrestauracion.co\/main\/wp-content\/uploads\/2024\/08\/mas-formas-100x100.png 100w\" sizes=\"(max-width: 1006px) 100vw, 1006px\" \/><\/a><\/figure>\n\n\n\n<p class=\"has-text-align-center has-custom-azul-medio-color has-text-color has-link-color wp-elements-473c042619866c32e77a3b226397fb53\">Hay muchas maneras de ayudarnos a establecer <br>y extender el Reino de Dios en la tierra.<br><br><strong><em><u><a href=\"https:\/\/wa.link\/7n5fgp\">\u00a1Si tienes m\u00e1s ideas escr\u00edbenos!<\/a><\/u><\/em><\/strong><\/p>\n<\/div>\n<\/div>\n<\/div>\n\n\n\n<div id=\"contribuciones\" class=\"wp-block-group has-custom-azul-medio-color has-custom-azul-claro-background-color has-text-color has-background has-link-color wp-elements-958add457fcc5a1f35a0bbee33678cdb is-vertical is-content-justification-center is-layout-flex wp-container-core-group-is-layout-12 wp-block-group-is-layout-flex\" style=\"font-style:normal;font-weight:400\">\n<h2 class=\"wp-block-heading has-text-align-center has-xx-large-font-size\">Contribuciones<\/h2>\n\n\n\n<div class=\"wp-block-group has-medium-font-size is-nowrap is-layout-flex wp-container-core-group-is-layout-11 wp-block-group-is-layout-flex\" style=\"margin-top:var(--wp--preset--spacing--70);margin-bottom:var(--wp--preset--spacing--70);font-style:normal;font-weight:400\">\n<div class=\"wp-block-group is-vertical is-content-justification-center is-layout-flex wp-container-core-group-is-layout-9 wp-block-group-is-layout-flex\">\n<p>Recuerda que puedes realizar tu consignaci\u00f3n <br>o transferencia en Colombia en el banco BBVA<\/p>\n\n\n\n<figure class=\"wp-block-image size-large is-resized\"><a href=\"https:\/\/www.bbva.com.co\/\"><img loading=\"lazy\" decoding=\"async\" width=\"1024\" height=\"576\" src=\"https:\/\/amoryrestauracion.co\/main\/wp-content\/uploads\/2024\/08\/BBVA-Logo-1024x576.png\" alt=\"\" class=\"wp-image-2469\" style=\"width:151px\" srcset=\"https:\/\/amoryrestauracion.co\/main\/wp-content\/uploads\/2024\/08\/BBVA-Logo-1024x576.png 1024w, https:\/\/amoryrestauracion.co\/main\/wp-content\/uploads\/2024\/08\/BBVA-Logo-300x169.png 300w, https:\/\/amoryrestauracion.co\/main\/wp-content\/uploads\/2024\/08\/BBVA-Logo-768x432.png 768w, https:\/\/amoryrestauracion.co\/main\/wp-content\/uploads\/2024\/08\/BBVA-Logo-100x56.png 100w, https:\/\/amoryrestauracion.co\/main\/wp-content\/uploads\/2024\/08\/BBVA-Logo-1536x864.png 1536w, https:\/\/amoryrestauracion.co\/main\/wp-content\/uploads\/2024\/08\/BBVA-Logo-2048x1152.png 2048w\" sizes=\"(max-width: 1024px) 100vw, 1024px\" \/><\/a><\/figure>\n\n\n\n<p class=\"has-text-align-center\"><strong>Cuenta de Ahorros del Banco BBVA No. 180085995 a <\/strong><br><strong>nombre de la Iglesia Cristiana Amor y Restauraci\u00f3n.<\/strong><\/p>\n<\/div>\n\n\n\n<div class=\"wp-block-group is-vertical is-content-justification-center is-layout-flex wp-container-core-group-is-layout-10 wp-block-group-is-layout-flex\">\n<p>Para contribuciones desde el exterior:<\/p>\n\n\n\n<div class=\"wp-block-buttons has-custom-font-size has-medium-font-size is-layout-flex wp-block-buttons-is-layout-flex\">\n<div class=\"wp-block-button\"><a class=\"wp-block-button__link has-background-color has-text-color has-link-color wp-element-button\" href=\"http:\/\/paypal.me\/amoryrestauracion\">PayPal<\/a><\/div>\n<\/div>\n<\/div>\n<\/div>\n\n\n\n<p class=\"has-text-align-center has-medium-font-size\" style=\"line-height:2\">Tambi\u00e9n puedes llevar <strong>efectivo <\/strong>a las reuniones de la congregaci\u00f3n.<br><em>En caso de necesitar tu <\/em><strong><em>certificado de donaci\u00f3n <\/em><\/strong><em>escr\u00edbenos con tiempo a nuestro <a href=\"https:\/\/wa.link\/7n5fgp\" data-type=\"link\" data-id=\"https:\/\/wa.link\/7n5fgp\">WhatsApp.<\/a><\/em><\/p>\n<\/div>\n","protected":false},"excerpt":{"rendered":"<p>Somos familias que nos amamos con amor fraternal y por eso buscamos poder suplir las necesidades que se generen en nuestra comunidad con lo que el Padre nos ha dado. Intercesi\u00f3n Es un grupo que est\u00e1 conectado 24\/7 para apoyarte en oraci\u00f3n, tienes algo para agradecer, interceder, o simplemente est\u00e1s dispuesto a orar por otros,&#8230;<\/p>\n","protected":false},"author":1,"featured_media":2463,"parent":0,"menu_order":0,"comment_status":"closed","ping_status":"closed","template":"page-full-width","meta":{"_themeisle_gutenberg_block_has_review":false,"footnotes":""},"class_list":["post-2436","page","type-page","status-publish","has-post-thumbnail","hentry"],"_links":{"self":[{"href":"https:\/\/amoryrestauracion.co\/main\/wp-json\/wp\/v2\/pages\/2436","targetHints":{"allow":["GET"]}}],"collection":[{"href":"https:\/\/amoryrestauracion.co\/main\/wp-json\/wp\/v2\/pages"}],"about":[{"href":"https:\/\/amoryrestauracion.co\/main\/wp-json\/wp\/v2\/types\/page"}],"author":[{"embeddable":true,"href":"https:\/\/amoryrestauracion.co\/main\/wp-json\/wp\/v2\/users\/1"}],"replies":[{"embeddable":true,"href":"https:\/\/amoryrestauracion.co\/main\/wp-json\/wp\/v2\/comments?post=2436"}],"version-history":[{"count":50,"href":"https:\/\/amoryrestauracion.co\/main\/wp-json\/wp\/v2\/pages\/2436\/revisions"}],"predecessor-version":[{"id":2746,"href":"https:\/\/amoryrestauracion.co\/main\/wp-json\/wp\/v2\/pages\/2436\/revisions\/2746"}],"wp:featuredmedia":[{"embeddable":true,"href":"https:\/\/amoryrestauracion.co\/main\/wp-json\/wp\/v2\/media\/2463"}],"wp:attachment":[{"href":"https:\/\/amoryrestauracion.co\/main\/wp-json\/wp\/v2\/media?parent=2436"}],"curies":[{"name":"wp","href":"https:\/\/api.w.org\/{rel}","templated":true}]}}