{"id":2387,"date":"2024-10-01T21:08:42","date_gmt":"2024-10-01T21:08:42","guid":{"rendered":"https:\/\/amoryrestauracion.co\/main\/?page_id=2387"},"modified":"2025-06-12T18:27:10","modified_gmt":"2025-06-12T18:27:10","slug":"crecimiento-2024","status":"publish","type":"page","link":"https:\/\/amoryrestauracion.co\/main\/crecimiento-2024\/","title":{"rendered":"Crecimiento 2024"},"content":{"rendered":"\n<div class=\"wp-block-group has-custom-azul-claro-background-color has-background is-vertical is-content-justification-center is-layout-flex wp-container-core-group-is-layout-1 wp-block-group-is-layout-flex\">\n<figure class=\"wp-block-image size-full is-resized\"><a href=\"https:\/\/amoryrestauracion.co\/main\/wp-content\/uploads\/2024\/08\/crecimiento.png\"><img fetchpriority=\"high\" decoding=\"async\" width=\"512\" height=\"512\" src=\"https:\/\/amoryrestauracion.co\/main\/wp-content\/uploads\/2024\/08\/crecimiento.png\" alt=\"\" class=\"wp-image-2307\" style=\"width:151px\" srcset=\"https:\/\/amoryrestauracion.co\/main\/wp-content\/uploads\/2024\/08\/crecimiento.png 512w, https:\/\/amoryrestauracion.co\/main\/wp-content\/uploads\/2024\/08\/crecimiento-300x300.png 300w, https:\/\/amoryrestauracion.co\/main\/wp-content\/uploads\/2024\/08\/crecimiento-150x150.png 150w, https:\/\/amoryrestauracion.co\/main\/wp-content\/uploads\/2024\/08\/crecimiento-100x100.png 100w\" sizes=\"(max-width: 512px) 100vw, 512px\" \/><\/a><\/figure>\n\n\n\n<h1 class=\"wp-block-heading\">Crecimiento<\/h1>\n\n\n\n<p class=\"has-custom-azul-medio-color has-text-color has-link-color has-medium-font-size wp-elements-d3e5c2040541396fb54526569c185d5e\" style=\"font-style:italic;font-weight:500\">El camino para crecer juntos empieza aqu\u00ed.<\/p>\n<\/div>\n\n\n\n<div id=\"cafeconfe\" class=\"wp-block-group is-content-justification-center is-nowrap is-layout-flex wp-container-core-group-is-layout-3 wp-block-group-is-layout-flex\" style=\"font-style:normal;font-weight:400\">\n<figure class=\"wp-block-image size-full\"><a href=\"https:\/\/amoryrestauracion.co\/main\/wp-content\/uploads\/2024\/08\/cafe-con-ceci.png\"><img decoding=\"async\" width=\"200\" height=\"200\" src=\"https:\/\/amoryrestauracion.co\/main\/wp-content\/uploads\/2024\/08\/cafe-con-ceci.png\" alt=\"\" class=\"wp-image-2389\" srcset=\"https:\/\/amoryrestauracion.co\/main\/wp-content\/uploads\/2024\/08\/cafe-con-ceci.png 200w, https:\/\/amoryrestauracion.co\/main\/wp-content\/uploads\/2024\/08\/cafe-con-ceci-150x150.png 150w, https:\/\/amoryrestauracion.co\/main\/wp-content\/uploads\/2024\/08\/cafe-con-ceci-100x100.png 100w\" sizes=\"(max-width: 200px) 100vw, 200px\" \/><\/a><\/figure>\n\n\n\n<div class=\"wp-block-group is-vertical is-content-justification-center is-layout-flex wp-container-core-group-is-layout-2 wp-block-group-is-layout-flex\">\n<p class=\"has-text-align-center has-custom-azul-medio-color has-text-color has-link-color wp-elements-2eb8528ac7e61085a34ed4da0ca8aa74\">Ven y t\u00f3mate un caf\u00e9 <br>con nosotros con\u00f3cenos <br>y empecemos a caminar <br>de la mano de Dios.<\/p>\n\n\n\n<div class=\"wp-block-buttons is-layout-flex wp-block-buttons-is-layout-flex\">\n<div class=\"wp-block-button\"><a class=\"wp-block-button__link has-background-color has-custom-azul-claro-background-color has-text-color has-background has-link-color wp-element-button\" style=\"border-style:none;border-width:0px;border-radius:17px\">No disponible<\/a><\/div>\n<\/div>\n<\/div>\n<\/div>\n\n\n\n<div class=\"wp-block-group is-vertical is-content-justification-center is-layout-flex wp-container-core-group-is-layout-7 wp-block-group-is-layout-flex\" style=\"margin-top:var(--wp--preset--spacing--70);margin-bottom:var(--wp--preset--spacing--70)\">\n<h3 class=\"wp-block-heading has-text-align-center\" style=\"margin-top:var(--wp--preset--spacing--50);margin-bottom:var(--wp--preset--spacing--50)\">Asiste a un <em>grupo de enfoque.<\/em><\/h3>\n\n\n\n<div class=\"wp-block-group is-content-justification-center is-nowrap is-layout-flex wp-container-core-group-is-layout-6 wp-block-group-is-layout-flex\">\n<div class=\"wp-block-group is-vertical is-content-justification-center is-layout-flex wp-container-core-group-is-layout-4 wp-block-group-is-layout-flex\">\n<figure class=\"wp-block-image size-full\"><a href=\"https:\/\/amoryrestauracion.co\/main\/wp-content\/uploads\/2024\/08\/damas.png\"><img decoding=\"async\" width=\"200\" height=\"200\" src=\"https:\/\/amoryrestauracion.co\/main\/wp-content\/uploads\/2024\/08\/damas.png\" alt=\"\" class=\"wp-image-2405\" srcset=\"https:\/\/amoryrestauracion.co\/main\/wp-content\/uploads\/2024\/08\/damas.png 200w, https:\/\/amoryrestauracion.co\/main\/wp-content\/uploads\/2024\/08\/damas-150x150.png 150w, https:\/\/amoryrestauracion.co\/main\/wp-content\/uploads\/2024\/08\/damas-100x100.png 100w\" sizes=\"(max-width: 200px) 100vw, 200px\" \/><\/a><\/figure>\n\n\n\n<p class=\"has-text-align-center has-custom-azul-medio-color has-text-color has-link-color has-medium-font-size wp-elements-84386b1ca5d5ce445ee30a53fcf1d444\"><strong>Lev\u00e1ntate y resplandece.<\/strong><br><em>Reuni\u00f3n de Damas.<\/em><\/p>\n\n\n\n<p class=\"has-text-align-center has-custom-azul-medio-color has-text-color has-link-color wp-elements-f2f008d3d972758b45f24dde5188018f\" style=\"font-style:normal;font-weight:400\">\u00danete a nuestras reuniones <span class=\"highlight\">cada <\/span>mi\u00e9rcoles<br> de 9:30 a.m. a 12 m, en modalidad virtual <br>y presencial. Juntas, creceremos en la fe<br> y descubriremos el prop\u00f3sito que <br>Dios tiene para nosotras.<br><\/p>\n\n\n\n<div class=\"wp-block-buttons is-layout-flex wp-block-buttons-is-layout-flex\">\n<div class=\"wp-block-button\"><a class=\"wp-block-button__link has-background-color has-custom-azul-boton-background-color has-text-color has-background has-link-color wp-element-button\" href=\"https:\/\/linktr.ee\/amoryrestauracion\">\u00danete Aqu\u00ed<\/a><\/div>\n<\/div>\n<\/div>\n\n\n\n<div class=\"wp-block-group has-custom-azul-medio-color has-text-color has-link-color wp-elements-16b4a0bdfbde3d4130938e9e96213275 is-vertical is-content-justification-center is-layout-flex wp-container-core-group-is-layout-5 wp-block-group-is-layout-flex\">\n<figure class=\"wp-block-image size-full\"><a href=\"https:\/\/amoryrestauracion.co\/main\/wp-content\/uploads\/2024\/08\/cursos-virtuales.png\"><img loading=\"lazy\" decoding=\"async\" width=\"200\" height=\"200\" src=\"https:\/\/amoryrestauracion.co\/main\/wp-content\/uploads\/2024\/08\/cursos-virtuales.png\" alt=\"\" class=\"wp-image-2404\" srcset=\"https:\/\/amoryrestauracion.co\/main\/wp-content\/uploads\/2024\/08\/cursos-virtuales.png 200w, https:\/\/amoryrestauracion.co\/main\/wp-content\/uploads\/2024\/08\/cursos-virtuales-150x150.png 150w, https:\/\/amoryrestauracion.co\/main\/wp-content\/uploads\/2024\/08\/cursos-virtuales-100x100.png 100w\" sizes=\"(max-width: 200px) 100vw, 200px\" \/><\/a><\/figure>\n\n\n\n<p class=\"has-medium-font-size\"><strong>Cursos Virtuales.<\/strong><\/p>\n\n\n\n<p style=\"font-style:normal;font-weight:400\">Conoce los cursos virtuales que<br> tenemos disponibles para tu<br> crecimiento y avance personal.<\/p>\n\n\n\n<div class=\"wp-block-buttons is-layout-flex wp-block-buttons-is-layout-flex\">\n<div class=\"wp-block-button\"><a class=\"wp-block-button__link has-background-color has-custom-azul-boton-background-color has-text-color has-background has-link-color wp-element-button\">Cursos<\/a><\/div>\n<\/div>\n<\/div>\n<\/div>\n<\/div>\n\n\n\n<div class=\"wp-block-group is-nowrap is-layout-flex wp-container-core-group-is-layout-10 wp-block-group-is-layout-flex\" style=\"font-style:normal;font-weight:400\">\n<div id=\"discipulado\" class=\"wp-block-group has-custom-azul-medio-color has-custom-azul-claro-background-color has-text-color has-background has-link-color wp-elements-0f3949bb46b3d4a9bdbb18733bed3efb wp-container-content-1 is-vertical is-content-justification-center is-layout-flex wp-container-core-group-is-layout-9 wp-block-group-is-layout-flex\" style=\"margin-top:0;margin-bottom:0\">\n<div class=\"wp-block-group is-content-justification-center is-nowrap is-layout-flex wp-container-core-group-is-layout-8 wp-block-group-is-layout-flex\">\n<figure class=\"wp-block-image size-full\"><a href=\"https:\/\/amoryrestauracion.co\/main\/wp-content\/uploads\/2024\/08\/discipulado.png\"><img loading=\"lazy\" decoding=\"async\" width=\"200\" height=\"200\" src=\"https:\/\/amoryrestauracion.co\/main\/wp-content\/uploads\/2024\/08\/discipulado.png\" alt=\"\" class=\"wp-image-2406\" srcset=\"https:\/\/amoryrestauracion.co\/main\/wp-content\/uploads\/2024\/08\/discipulado.png 200w, https:\/\/amoryrestauracion.co\/main\/wp-content\/uploads\/2024\/08\/discipulado-150x150.png 150w, https:\/\/amoryrestauracion.co\/main\/wp-content\/uploads\/2024\/08\/discipulado-100x100.png 100w\" sizes=\"(max-width: 200px) 100vw, 200px\" \/><\/a><\/figure>\n\n\n\n<p class=\"has-text-align-center has-custom-azul-medio-color has-text-color has-link-color has-small-font-size wp-elements-50f78c42624fd29e956a318a7bb0da5f\" id=\"discipulado\" style=\"line-height:1.5\"><em>El <strong>discipulado<\/strong> es como una mentor\u00eda en la fe. <br>Es cuando alguien con m\u00e1s experiencia en la vida cristiana ayuda <br>a otra persona a aprender m\u00e1s sobre Jes\u00fas y a vivir seg\u00fan sus <br>ense\u00f1anzas. Se trata de crecer juntos en la fe, aprender de la <br>Biblia y apoyarse mutuamente en el camino espiritual. La idea <br>es que todos puedan llegar a ser seguidores comprometidos <br>de Jes\u00fas y, a su vez, ayudar a otros a hacer lo mismo.<\/em><\/p>\n<\/div>\n\n\n\n<p class=\"has-text-align-center\">Si quieres tener un discipulado personalizado solic\u00edtalo aqu\u00ed.<br>Tambi\u00e9n tenemos discipulados grupales, pregunta si tenemos un grupo disponible.<\/p>\n\n\n\n<div class=\"wp-block-buttons is-layout-flex wp-block-buttons-is-layout-flex\">\n<div class=\"wp-block-button\"><a class=\"wp-block-button__link has-background-color has-custom-azul-boton-background-color has-text-color has-background has-link-color wp-element-button\" href=\"#mailmunch-pop-1150211\">Discipulado personalizado<\/a><\/div>\n\n\n\n<div class=\"wp-block-button\"><a class=\"wp-block-button__link has-background-color has-custom-azul-boton-background-color has-text-color has-background has-link-color wp-element-button\" href=\"https:\/\/forms.gle\/qSFMpaRvdT6SsfwQ6\" target=\"_blank\" rel=\"noreferrer noopener\">Discipulado Grupal<\/a><\/div>\n<\/div>\n<\/div>\n<\/div>\n\n\n\n<div class=\"wp-block-group is-content-justification-center is-nowrap is-layout-flex wp-container-core-group-is-layout-13 wp-block-group-is-layout-flex\" style=\"margin-top:var(--wp--preset--spacing--60);margin-bottom:var(--wp--preset--spacing--60)\">\n<div class=\"wp-block-group is-vertical is-content-justification-center is-layout-flex wp-container-core-group-is-layout-11 wp-block-group-is-layout-flex\">\n<figure class=\"wp-block-image size-full\"><a href=\"https:\/\/amoryrestauracion.co\/main\/wp-content\/uploads\/2024\/08\/plantio.png\"><img loading=\"lazy\" decoding=\"async\" width=\"200\" height=\"200\" src=\"https:\/\/amoryrestauracion.co\/main\/wp-content\/uploads\/2024\/08\/plantio.png\" alt=\"\" class=\"wp-image-2409\" srcset=\"https:\/\/amoryrestauracion.co\/main\/wp-content\/uploads\/2024\/08\/plantio.png 200w, https:\/\/amoryrestauracion.co\/main\/wp-content\/uploads\/2024\/08\/plantio-150x150.png 150w, https:\/\/amoryrestauracion.co\/main\/wp-content\/uploads\/2024\/08\/plantio-100x100.png 100w\" sizes=\"(max-width: 200px) 100vw, 200px\" \/><\/a><\/figure>\n\n\n\n<p class=\"has-text-align-center has-custom-azul-medio-color has-text-color has-link-color has-medium-font-size wp-elements-84097c13d0953a055e3eca9da79e5a2c\" style=\"font-style:normal;font-weight:400\"><strong>Plant\u00edo de Jehov\u00e1<\/strong><br><em>Escuela de ni\u00f1os.<\/em><\/p>\n\n\n\n<p class=\"has-text-align-center has-custom-azul-medio-color has-text-color has-link-color wp-elements-46a9bdc5d07e489d099a3e0022980c86\" style=\"font-style:normal;font-weight:400\">Trae a tus peque\u00f1os al grupo <br>cada domingo a las 10 a.m. durante<br> nuestro servicio. Un espacio donde aprender\u00e1n<br> sobre el amor de Dios de manera divertida y edificante.<br><\/p>\n\n\n\n<div class=\"wp-block-buttons is-layout-flex wp-block-buttons-is-layout-flex\">\n<div class=\"wp-block-button\"><a class=\"wp-block-button__link has-background-color has-custom-azul-boton-background-color has-text-color has-background has-link-color wp-element-button\" href=\"https:\/\/amoryrestauracion.co\/main\/plantio-2024\/\">Con\u00f3cenos<\/a><\/div>\n<\/div>\n<\/div>\n\n\n\n<div class=\"wp-block-group has-custom-azul-medio-color has-text-color has-link-color wp-elements-572400799afb8e5a0d1d5e67fbd9e37d is-vertical is-content-justification-center is-layout-flex wp-container-core-group-is-layout-12 wp-block-group-is-layout-flex\">\n<figure class=\"wp-block-image size-full\"><a href=\"https:\/\/amoryrestauracion.co\/main\/wp-content\/uploads\/2024\/08\/manto.png\"><img loading=\"lazy\" decoding=\"async\" width=\"200\" height=\"200\" src=\"https:\/\/amoryrestauracion.co\/main\/wp-content\/uploads\/2024\/08\/manto.png\" alt=\"\" class=\"wp-image-2408\" srcset=\"https:\/\/amoryrestauracion.co\/main\/wp-content\/uploads\/2024\/08\/manto.png 200w, https:\/\/amoryrestauracion.co\/main\/wp-content\/uploads\/2024\/08\/manto-150x150.png 150w, https:\/\/amoryrestauracion.co\/main\/wp-content\/uploads\/2024\/08\/manto-100x100.png 100w\" sizes=\"(max-width: 200px) 100vw, 200px\" \/><\/a><\/figure>\n\n\n\n<p class=\"has-text-align-center has-medium-font-size\" style=\"font-style:normal;font-weight:400\"><strong>Manto de David.<\/strong><br><em>Grupo de Adoraci\u00f3n.<\/em><\/p>\n\n\n\n<p class=\"has-text-align-center wp-container-content-2\" style=\"font-style:normal;font-weight:400\">Tienes talento musical o quieres <br>servir en el equipo de producci\u00f3n,<br> te invitamos a venir todos los martes <br>de 6:00 p.m. a 8:00 p.m. ven y comparte<br> con nosotros un tiempo de crecimiento.<\/p>\n\n\n\n<div class=\"wp-block-buttons is-layout-flex wp-block-buttons-is-layout-flex\">\n<div class=\"wp-block-button\"><a class=\"wp-block-button__link has-background-color has-custom-azul-boton-background-color has-text-color has-background has-link-color wp-element-button\" href=\"https:\/\/wa.link\/zl0cjh\">Escr\u00edbenos<\/a><\/div>\n<\/div>\n<\/div>\n<\/div>\n\n\n\n<div class=\"wp-block-group is-content-justification-center is-nowrap is-layout-flex wp-container-core-group-is-layout-16 wp-block-group-is-layout-flex\">\n<div class=\"wp-block-group is-vertical is-content-justification-center is-layout-flex wp-container-core-group-is-layout-14 wp-block-group-is-layout-flex\" style=\"padding-right:var(--wp--preset--spacing--50);padding-left:var(--wp--preset--spacing--50)\">\n<figure class=\"wp-block-image size-full\"><a href=\"https:\/\/amoryrestauracion.co\/main\/wp-content\/uploads\/2024\/08\/finanzas.png\"><img loading=\"lazy\" decoding=\"async\" width=\"200\" height=\"200\" src=\"https:\/\/amoryrestauracion.co\/main\/wp-content\/uploads\/2024\/08\/finanzas.png\" alt=\"\" class=\"wp-image-2407\" srcset=\"https:\/\/amoryrestauracion.co\/main\/wp-content\/uploads\/2024\/08\/finanzas.png 200w, https:\/\/amoryrestauracion.co\/main\/wp-content\/uploads\/2024\/08\/finanzas-150x150.png 150w, https:\/\/amoryrestauracion.co\/main\/wp-content\/uploads\/2024\/08\/finanzas-100x100.png 100w\" sizes=\"(max-width: 200px) 100vw, 200px\" \/><\/a><\/figure>\n\n\n\n<p class=\"has-text-align-center has-custom-azul-medio-color has-text-color has-link-color has-medium-font-size wp-elements-3411630304321676666a27689da3623d\"><strong>Finanzas en orden.<\/strong><br><em>Curso de finanzas<\/em>.<\/p>\n\n\n\n<p class=\"has-text-align-center has-custom-azul-medio-color has-text-color has-link-color wp-elements-95aab984080ee65ac50d3ae6d3f46b48\" style=\"font-style:normal;font-weight:400\">Creemos que el dinero es una <br>herramienta para manifestar a Cristo<br> y requiere de un manejo espiritual.<br>En este curso aprenderemos c\u00f3mo<br> es el manejar nuestras finanzas en orden.<br><\/p>\n\n\n\n<div class=\"wp-block-buttons is-layout-flex wp-block-buttons-is-layout-flex\">\n<div class=\"wp-block-button\"><a class=\"wp-block-button__link has-background-color has-custom-azul-boton-background-color has-text-color has-background has-link-color wp-element-button\">No disponible<\/a><\/div>\n<\/div>\n<\/div>\n\n\n\n<div style=\"height:100px;width:181px\" aria-hidden=\"true\" class=\"wp-block-spacer wp-container-content-3\"><\/div>\n\n\n\n<div class=\"wp-block-group has-custom-azul-medio-color has-text-color has-link-color wp-elements-4b692fb14c384b38ab235f2aab8c01c6 is-vertical is-content-justification-center is-layout-flex wp-container-core-group-is-layout-15 wp-block-group-is-layout-flex\">\n<figure class=\"wp-block-image size-full\"><a href=\"https:\/\/amoryrestauracion.co\/main\/wp-content\/uploads\/2024\/08\/rompiendo.png\"><img loading=\"lazy\" decoding=\"async\" width=\"200\" height=\"200\" src=\"https:\/\/amoryrestauracion.co\/main\/wp-content\/uploads\/2024\/08\/rompiendo.png\" alt=\"\" class=\"wp-image-2403\" srcset=\"https:\/\/amoryrestauracion.co\/main\/wp-content\/uploads\/2024\/08\/rompiendo.png 200w, https:\/\/amoryrestauracion.co\/main\/wp-content\/uploads\/2024\/08\/rompiendo-150x150.png 150w, https:\/\/amoryrestauracion.co\/main\/wp-content\/uploads\/2024\/08\/rompiendo-100x100.png 100w\" sizes=\"(max-width: 200px) 100vw, 200px\" \/><\/a><\/figure>\n\n\n\n<p class=\"has-text-align-center has-medium-font-size\"><strong>Rompiendo tus miedos.<\/strong><br><em>Taller de evangelismo.<\/em><\/p>\n\n\n\n<p class=\"has-text-align-center\" style=\"font-style:normal;font-weight:400\">Un taller donde aprendemos <br>a compartir a Cristo sin miedo.<br>Conoce fundamentos para defender tu fe.<\/p>\n\n\n\n<div class=\"wp-block-buttons is-layout-flex wp-block-buttons-is-layout-flex\">\n<div class=\"wp-block-button\"><a class=\"wp-block-button__link has-background-color has-custom-azul-boton-background-color has-text-color has-background has-link-color wp-element-button\" href=\"#mailmunch-pop-1150203\">Pr\u00f3xima Fecha<\/a><\/div>\n<\/div>\n<\/div>\n<\/div>\n\n\n\n<div style=\"height:100px\" aria-hidden=\"true\" class=\"wp-block-spacer\"><\/div>\n","protected":false},"excerpt":{"rendered":"<p>Crecimiento El camino para crecer juntos empieza aqu\u00ed. Ven y t\u00f3mate un caf\u00e9 con nosotros con\u00f3cenos y empecemos a caminar de la mano de Dios. Asiste a un grupo de enfoque. Lev\u00e1ntate y resplandece.Reuni\u00f3n de Damas. \u00danete a nuestras reuniones cada mi\u00e9rcoles de 9:30 a.m. a 12 m, en modalidad virtual y presencial. Juntas, creceremos&#8230;<\/p>\n","protected":false},"author":1,"featured_media":0,"parent":0,"menu_order":0,"comment_status":"closed","ping_status":"closed","template":"page-full-width","meta":{"_themeisle_gutenberg_block_has_review":false,"footnotes":""},"class_list":["post-2387","page","type-page","status-publish","hentry"],"_links":{"self":[{"href":"https:\/\/amoryrestauracion.co\/main\/wp-json\/wp\/v2\/pages\/2387","targetHints":{"allow":["GET"]}}],"collection":[{"href":"https:\/\/amoryrestauracion.co\/main\/wp-json\/wp\/v2\/pages"}],"about":[{"href":"https:\/\/amoryrestauracion.co\/main\/wp-json\/wp\/v2\/types\/page"}],"author":[{"embeddable":true,"href":"https:\/\/amoryrestauracion.co\/main\/wp-json\/wp\/v2\/users\/1"}],"replies":[{"embeddable":true,"href":"https:\/\/amoryrestauracion.co\/main\/wp-json\/wp\/v2\/comments?post=2387"}],"version-history":[{"count":27,"href":"https:\/\/amoryrestauracion.co\/main\/wp-json\/wp\/v2\/pages\/2387\/revisions"}],"predecessor-version":[{"id":2744,"href":"https:\/\/amoryrestauracion.co\/main\/wp-json\/wp\/v2\/pages\/2387\/revisions\/2744"}],"wp:attachment":[{"href":"https:\/\/amoryrestauracion.co\/main\/wp-json\/wp\/v2\/media?parent=2387"}],"curies":[{"name":"wp","href":"https:\/\/api.w.org\/{rel}","templated":true}]}}