{"id":2373,"date":"2024-08-16T20:22:54","date_gmt":"2024-08-16T20:22:54","guid":{"rendered":"https:\/\/amoryrestauracion.co\/main\/?page_id=2373"},"modified":"2024-10-01T21:08:42","modified_gmt":"2024-10-01T21:08:42","slug":"nosotros-2024","status":"publish","type":"page","link":"https:\/\/amoryrestauracion.co\/main\/nosotros-2024\/","title":{"rendered":"Nosotros 2024"},"content":{"rendered":"\n<figure class=\"wp-block-image aligncenter size-full has-custom-border is-style-default wp-container-content-1\"><a href=\"https:\/\/amoryrestauracion.co\/main\/wp-content\/uploads\/2022\/07\/Familais-que-establecen.png\"><img fetchpriority=\"high\" decoding=\"async\" width=\"1920\" height=\"748\" src=\"https:\/\/amoryrestauracion.co\/main\/wp-content\/uploads\/2022\/07\/Familais-que-establecen.png\" alt=\"\" class=\"wp-image-1626\" style=\"border-style:none;border-width:0px;border-radius:0px;object-fit:cover\" srcset=\"https:\/\/amoryrestauracion.co\/main\/wp-content\/uploads\/2022\/07\/Familais-que-establecen.png 1920w, https:\/\/amoryrestauracion.co\/main\/wp-content\/uploads\/2022\/07\/Familais-que-establecen-300x117.png 300w, https:\/\/amoryrestauracion.co\/main\/wp-content\/uploads\/2022\/07\/Familais-que-establecen-1024x399.png 1024w, https:\/\/amoryrestauracion.co\/main\/wp-content\/uploads\/2022\/07\/Familais-que-establecen-768x299.png 768w, https:\/\/amoryrestauracion.co\/main\/wp-content\/uploads\/2022\/07\/Familais-que-establecen-1536x598.png 1536w\" sizes=\"(max-width: 1920px) 100vw, 1920px\" \/><\/a><\/figure>\n\n\n\n<div class=\"wp-block-group has-custom-azul-claro-background-color has-background is-content-justification-center is-nowrap is-layout-flex wp-container-core-group-is-layout-3 wp-block-group-is-layout-flex\">\n<div class=\"wp-block-group is-vertical is-content-justification-center is-layout-flex wp-container-core-group-is-layout-1 wp-block-group-is-layout-flex\">\n<figure class=\"wp-block-image size-large is-resized\"><a href=\"https:\/\/amoryrestauracion.co\/main\/wp-content\/uploads\/2024\/08\/vision-1.png\"><img decoding=\"async\" width=\"1024\" height=\"1024\" src=\"https:\/\/amoryrestauracion.co\/main\/wp-content\/uploads\/2024\/08\/vision-1-1024x1024.png\" alt=\"\" class=\"wp-image-2376\" style=\"width:105px;height:auto\" srcset=\"https:\/\/amoryrestauracion.co\/main\/wp-content\/uploads\/2024\/08\/vision-1-1024x1024.png 1024w, https:\/\/amoryrestauracion.co\/main\/wp-content\/uploads\/2024\/08\/vision-1-300x300.png 300w, https:\/\/amoryrestauracion.co\/main\/wp-content\/uploads\/2024\/08\/vision-1-150x150.png 150w, https:\/\/amoryrestauracion.co\/main\/wp-content\/uploads\/2024\/08\/vision-1-768x768.png 768w, https:\/\/amoryrestauracion.co\/main\/wp-content\/uploads\/2024\/08\/vision-1-100x100.png 100w, https:\/\/amoryrestauracion.co\/main\/wp-content\/uploads\/2024\/08\/vision-1.png 1067w\" sizes=\"(max-width: 1024px) 100vw, 1024px\" \/><\/a><\/figure>\n\n\n\n<h2 class=\"wp-block-heading has-text-align-center has-medium-font-size\">Quienes somos<\/h2>\n\n\n\n<p class=\"has-text-align-center has-custom-azul-medio-color has-text-color has-link-color wp-elements-77e65747a5144a71c19139f60492b5f5\" style=\"font-style:italic;font-weight:500\"><em> Somos familias que establecen y extienden <\/em><br><em>la voluntad de Dios en la tierra por medio <\/em><br><em>de su amor.<\/em><\/p>\n<\/div>\n\n\n\n<div style=\"height:100px;width:0px\" aria-hidden=\"true\" class=\"wp-block-spacer wp-container-content-2\"><\/div>\n\n\n\n<div class=\"wp-block-group is-vertical is-content-justification-center is-layout-flex wp-container-core-group-is-layout-2 wp-block-group-is-layout-flex\">\n<figure class=\"wp-block-image size-large is-resized\"><a href=\"https:\/\/amoryrestauracion.co\/main\/wp-content\/uploads\/2024\/08\/Mision.png\"><img decoding=\"async\" width=\"1024\" height=\"1024\" src=\"https:\/\/amoryrestauracion.co\/main\/wp-content\/uploads\/2024\/08\/Mision-1024x1024.png\" alt=\"\" class=\"wp-image-2377\" style=\"width:105px\" srcset=\"https:\/\/amoryrestauracion.co\/main\/wp-content\/uploads\/2024\/08\/Mision-1024x1024.png 1024w, https:\/\/amoryrestauracion.co\/main\/wp-content\/uploads\/2024\/08\/Mision-300x300.png 300w, https:\/\/amoryrestauracion.co\/main\/wp-content\/uploads\/2024\/08\/Mision-150x150.png 150w, https:\/\/amoryrestauracion.co\/main\/wp-content\/uploads\/2024\/08\/Mision-768x768.png 768w, https:\/\/amoryrestauracion.co\/main\/wp-content\/uploads\/2024\/08\/Mision-100x100.png 100w, https:\/\/amoryrestauracion.co\/main\/wp-content\/uploads\/2024\/08\/Mision.png 1067w\" sizes=\"(max-width: 1024px) 100vw, 1024px\" \/><\/a><\/figure>\n\n\n\n<h2 class=\"wp-block-heading has-text-align-center has-medium-font-size\">Nuestro prop\u00f3sito.<\/h2>\n\n\n\n<p class=\"has-text-align-center has-custom-azul-medio-color has-text-color has-link-color wp-elements-6ccae2c0c73c0f345fd7c5fe054f2472\"><strong><em>Ser<\/em><\/strong><em> y <u>hacer<\/u> disc\u00edpulos de Cristo que hagan<\/em> <br><em>la voluntad de Dios En la tierra como en el cielo;<\/em> <br><em>cuyo amor se manifieste a nivel <\/em><strong><em>Personal, familiar<\/em><\/strong><br> <strong><em>y congregaciona<\/em><\/strong><em>l, transformando <\/em><br><em>comunidades<\/em> <em>ciudades y naciones.<\/em><\/p>\n<\/div>\n<\/div>\n\n\n\n<div class=\"wp-block-group has-custom-azul-medio-color has-text-color has-link-color wp-elements-ef585d94fe0c7d89b426fd9c20245827 is-layout-constrained wp-container-core-group-is-layout-15 wp-block-group-is-layout-constrained\" style=\"margin-top:var(--wp--preset--spacing--70);margin-bottom:var(--wp--preset--spacing--70);padding-top:var(--wp--preset--spacing--40);padding-right:var(--wp--preset--spacing--50);padding-bottom:var(--wp--preset--spacing--40);padding-left:var(--wp--preset--spacing--50)\">\n<div id=\"wp-block-themeisle-blocks-accordion-704d9e19\" class=\"wp-block-themeisle-blocks-accordion no-gap icon-first has-light-title-bg has-light-content-bg\">\n<details open class=\"wp-block-themeisle-blocks-accordion-item\"><summary class=\"wp-block-themeisle-blocks-accordion-item__title\"><div>Nuestros Valores<\/div><\/summary><div class=\"wp-block-themeisle-blocks-accordion-item__content\">\n<div class=\"wp-block-group has-custom-azul-claro-background-color has-background is-content-justification-space-between is-nowrap is-layout-flex wp-container-core-group-is-layout-4 wp-block-group-is-layout-flex\" style=\"margin-top:0;margin-bottom:0;padding-top:0;padding-bottom:0\">\n<p class=\"has-text-align-center has-custom-azul-medio-color has-custom-azul-claro-background-color has-text-color has-background has-link-color wp-elements-ddc34a8304ef17d025c744a9162c3160\"><em>Queremos ser obedientes en todo <\/em> <em>a lo que el Padre nos ha llamado;<\/em> <em> Por eso sabemos que el sello de cada familia e Hijo de Dios que hace parte de Amor y Restauraci\u00f3n es:<\/em><\/p>\n\n\n\n<figure class=\"wp-block-audio wp-container-content-4\"><audio controls src=\"https:\/\/amoryrestauracion.co\/main\/wp-content\/uploads\/2024\/09\/Nuestros-valores.mp3\"><\/audio><\/figure>\n<\/div>\n\n\n\n<div class=\"wp-block-group has-custom-azul-medio-color has-custom-azul-claro-background-color has-text-color has-background has-link-color wp-elements-39d7fe96568b29f32b7542ea49aaa0e2 is-content-justification-center is-nowrap is-layout-flex wp-container-core-group-is-layout-5 wp-block-group-is-layout-flex\" style=\"padding-top:0;padding-bottom:0\">\n<h2 class=\"wp-block-heading has-text-align-right has-playfair-display-font-family\" style=\"font-size:73px;font-style:normal;font-weight:700\">1<\/h2>\n\n\n\n<p class=\"has-text-align-left\">Que se esfuerzan por <br>reflejar el car\u00e1cter de Cristo.<\/p>\n\n\n\n<h2 class=\"wp-block-heading has-playfair-display-font-family has-xxxx-large-font-size\" style=\"font-style:normal;font-weight:700\">2<\/h2>\n\n\n\n<p><br>Que forman disc\u00edpulos.<\/p>\n<\/div>\n\n\n\n<div class=\"wp-block-group has-custom-azul-claro-background-color has-background is-vertical is-content-justification-center is-layout-flex wp-container-core-group-is-layout-7 wp-block-group-is-layout-flex\" style=\"padding-top:0;padding-bottom:0\">\n<div class=\"wp-block-group has-custom-azul-medio-color has-custom-azul-claro-background-color has-text-color has-background has-link-color wp-elements-a513ff548113bf9ef441405815eae752 is-content-justification-center is-layout-flex wp-container-core-group-is-layout-6 wp-block-group-is-layout-flex\" style=\"margin-top:0;margin-bottom:0;padding-top:0;padding-right:0;padding-bottom:0;padding-left:0\">\n<h2 class=\"wp-block-heading has-text-align-right has-playfair-display-font-family\" style=\"font-size:73px;font-style:normal;font-weight:700\">3<\/h2>\n\n\n\n<p class=\"has-text-align-left\">Que se congregan con amor <br>fraternal y sentido de pertenencia<br> por lo que El Padre nos da.<\/p>\n\n\n\n<h2 class=\"wp-block-heading has-playfair-display-font-family has-xxxx-large-font-size\" style=\"font-style:normal;font-weight:700\">4<\/h2>\n\n\n\n<p>Que manejan el dinero como <br>un recurso espiritual, seg\u00fan la palabra, <br>diezmamos, ofrendamos y damos<br> primicias con entendimiento.<\/p>\n<\/div>\n\n\n\n<div style=\"height:28px\" aria-hidden=\"true\" class=\"wp-block-spacer wp-container-content-8\"><\/div>\n<\/div>\n<\/div><\/details>\n\n\n\n<details class=\"wp-block-themeisle-blocks-accordion-item ticss-afeac3b7\"><summary class=\"wp-block-themeisle-blocks-accordion-item__title\"><div><strong>Nuestra Historia<\/strong><\/div><\/summary><div class=\"wp-block-themeisle-blocks-accordion-item__content\">\n<div class=\"wp-block-group is-content-justification-center is-nowrap is-layout-flex wp-container-core-group-is-layout-8 wp-block-group-is-layout-flex\">\n<p class=\"has-custom-azul-claro-color has-text-color has-link-color wp-elements-cfec0cb87d02279416e910ac70925862\" style=\"font-style:italic;font-weight:400\">Tiempo de Lectura: 01:15<\/p>\n\n\n\n<div style=\"height:100px;width:361px\" aria-hidden=\"true\" class=\"wp-block-spacer wp-container-content-9\"><\/div>\n\n\n\n<figure class=\"wp-block-audio\"><audio controls src=\"https:\/\/amoryrestauracion.co\/main\/wp-content\/uploads\/2024\/09\/Nuestra-historia.mp3\"><\/audio><\/figure>\n<\/div>\n\n\n\n<p class=\"has-custom-azul-medio-color has-text-color has-link-color wp-elements-a8af88519e68f75b029642056727eae6\" style=\"padding-top:var(--wp--preset--spacing--30);padding-right:var(--wp--preset--spacing--40);padding-bottom:var(--wp--preset--spacing--30);padding-left:var(--wp--preset--spacing--40)\">A mediados del a\u00f1o 1999, la Iglesia Cristiana Filadelfia de Puente Largo en Bogot\u00e1, bajo la direcci\u00f3n del Pastor Luis Hernando Beltr\u00e1n en su misi\u00f3n apost\u00f3lica, comision\u00f3 a un equipo de l\u00edderes encabezado por el Pastor Hernando C\u00e9sar Mahecha G\u00f3mez y su esposa Diana Castro de Mahecha, para dirigir a un grupo de miembros de la iglesia que viv\u00edan en el sector noroccidental de la ciudad (Suba) y en barrios cercanos al Centro Comercial Bulevar Niza. Esta labor result\u00f3 en la creaci\u00f3n de una nueva congregaci\u00f3n, en obediencia a la Gran Comisi\u00f3n del Se\u00f1or Jesucristo.<br><br>A mediados del a\u00f1o 2001, se inici\u00f3 un proceso de discipulado y comenzaron cultos vespertinos los domingos en el auditorio de la Iglesia Cristiana Filadelfia de Puente Largo, dirigidos hacia los habitantes del sector de Suba, cuyos l\u00edmites son desde la autopista norte hasta la calle 100, y desde el r\u00edo Juan Amarillo, que bordea el noroccidente de Bogot\u00e1, hasta los l\u00edmites con la poblaci\u00f3n de Ch\u00eda. Paralelamente, se inici\u00f3 la b\u00fasqueda de un lugar para el templo, y el 16 de diciembre de 2001 se celebr\u00f3 el primer culto como Iglesia Cristiana Filadelfia Amor y Restauraci\u00f3n en la sede actual, ubicada en la Avenida Las Villas (Cra. 58) No. 128 \u2013 26 de Bogot\u00e1, con una asistencia de aproximadamente 40 adultos y 20 ni\u00f1os.<br><br>A lo largo de los a\u00f1os, hemos visto los frutos del trabajo continuo y permanente, estableciendo los dise\u00f1os que el Padre nos ha dado a trav\u00e9s de la gu\u00eda del Esp\u00edritu Santo, logrando un equilibrio en las diferentes etapas. Con una visi\u00f3n de ciudad y naci\u00f3n, estamos comprometidos con el establecimiento y la extensi\u00f3n del Reino de Dios en la tierra.<br><br>Actualmente, podemos dar testimonio de la fidelidad de Dios, quien ha tra\u00eddo a nuestra congregaci\u00f3n familias no solo de la localidad de Suba, sino tambi\u00e9n de otras localidades e incluso de otras ciudades.<\/p>\n<\/div><\/details>\n\n\n\n<details class=\"wp-block-themeisle-blocks-accordion-item\"><summary class=\"wp-block-themeisle-blocks-accordion-item__title\"><div><strong>Presbiterio<\/strong><\/div><\/summary><div class=\"wp-block-themeisle-blocks-accordion-item__content\">\n<p class=\"has-text-align-right has-custom-azul-medio-color has-text-color has-link-color wp-elements-f7ce6dfdf9f3ad1c79ae512eb1f29ca9\" style=\"padding-top:var(--wp--preset--spacing--50);padding-bottom:var(--wp--preset--spacing--50)\"><em>El presbiterio seg\u00fan la Biblia es un grupo de hijos de Dios encargados<\/em><br><em> del liderazgo y la administraci\u00f3n de la iglesia, desempe\u00f1ando<\/em><br> <em>roles de supervisi\u00f3n, ense\u00f1anza y cuidado pastoral.<\/em><\/p>\n\n\n\n<div class=\"wp-block-group is-horizontal is-content-justification-center is-layout-flex wp-container-core-group-is-layout-11 wp-block-group-is-layout-flex\">\n<div class=\"wp-block-group is-vertical is-content-justification-center is-layout-flex wp-container-core-group-is-layout-9 wp-block-group-is-layout-flex\">\n<figure class=\"wp-block-image size-full\"><a href=\"https:\/\/amoryrestauracion.co\/main\/wp-content\/uploads\/2024\/08\/pastores-mahecha.jpg-1.png\"><img loading=\"lazy\" decoding=\"async\" width=\"200\" height=\"200\" src=\"https:\/\/amoryrestauracion.co\/main\/wp-content\/uploads\/2024\/08\/pastores-mahecha.jpg-1.png\" alt=\"\" class=\"wp-image-2382\" srcset=\"https:\/\/amoryrestauracion.co\/main\/wp-content\/uploads\/2024\/08\/pastores-mahecha.jpg-1.png 200w, https:\/\/amoryrestauracion.co\/main\/wp-content\/uploads\/2024\/08\/pastores-mahecha.jpg-1-150x150.png 150w, https:\/\/amoryrestauracion.co\/main\/wp-content\/uploads\/2024\/08\/pastores-mahecha.jpg-1-100x100.png 100w\" sizes=\"(max-width: 200px) 100vw, 200px\" \/><\/a><\/figure>\n\n\n\n<p class=\"has-text-align-center has-custom-azul-medio-color has-text-color has-link-color wp-elements-378d6c03112ed59a17d69e6bc6a5fed8\">Hernando y Diana Mahecha<br><strong><em>Pastores Principales<\/em><\/strong><\/p>\n<\/div>\n\n\n\n<div class=\"wp-block-group is-vertical is-content-justification-center is-layout-flex wp-container-core-group-is-layout-10 wp-block-group-is-layout-flex\">\n<figure class=\"wp-block-image size-full\"><a href=\"https:\/\/amoryrestauracion.co\/main\/wp-content\/uploads\/2024\/08\/pastores-de-jovenes.jpg.png\"><img loading=\"lazy\" decoding=\"async\" width=\"200\" height=\"200\" src=\"https:\/\/amoryrestauracion.co\/main\/wp-content\/uploads\/2024\/08\/pastores-de-jovenes.jpg.png\" alt=\"\" class=\"wp-image-2383\" srcset=\"https:\/\/amoryrestauracion.co\/main\/wp-content\/uploads\/2024\/08\/pastores-de-jovenes.jpg.png 200w, https:\/\/amoryrestauracion.co\/main\/wp-content\/uploads\/2024\/08\/pastores-de-jovenes.jpg-150x150.png 150w, https:\/\/amoryrestauracion.co\/main\/wp-content\/uploads\/2024\/08\/pastores-de-jovenes.jpg-100x100.png 100w\" sizes=\"(max-width: 200px) 100vw, 200px\" \/><\/a><\/figure>\n\n\n\n<p class=\"has-text-align-center has-custom-azul-medio-color has-text-color has-link-color wp-elements-4d56a691a1100681fa294a54855d9413\">Jorge y Catalina Mart\u00ednez<br><strong><em>Pastores.<\/em><\/strong><\/p>\n<\/div>\n<\/div>\n\n\n\n<div class=\"wp-block-group is-horizontal is-content-justification-center is-layout-flex wp-container-core-group-is-layout-14 wp-block-group-is-layout-flex\" style=\"margin-top:var(--wp--preset--spacing--60);margin-bottom:var(--wp--preset--spacing--60)\">\n<div class=\"wp-block-group is-vertical is-content-justification-center is-layout-flex wp-container-core-group-is-layout-12 wp-block-group-is-layout-flex\">\n<figure class=\"wp-block-image size-full\"><a href=\"https:\/\/amoryrestauracion.co\/main\/wp-content\/uploads\/2024\/08\/PastoresEger-400x280-1.png\"><img loading=\"lazy\" decoding=\"async\" width=\"200\" height=\"200\" src=\"https:\/\/amoryrestauracion.co\/main\/wp-content\/uploads\/2024\/08\/PastoresEger-400x280-1.png\" alt=\"\" class=\"wp-image-2385\" srcset=\"https:\/\/amoryrestauracion.co\/main\/wp-content\/uploads\/2024\/08\/PastoresEger-400x280-1.png 200w, https:\/\/amoryrestauracion.co\/main\/wp-content\/uploads\/2024\/08\/PastoresEger-400x280-1-150x150.png 150w, https:\/\/amoryrestauracion.co\/main\/wp-content\/uploads\/2024\/08\/PastoresEger-400x280-1-100x100.png 100w\" sizes=\"(max-width: 200px) 100vw, 200px\" \/><\/a><\/figure>\n\n\n\n<p class=\"has-text-align-center has-custom-azul-medio-color has-text-color has-link-color wp-elements-3ff8949d9935a3ec246a48a8cf045dce\">Alfonso y Mar\u00eda Esperanza Eger<br><strong><em>Pastores.<\/em><\/strong><\/p>\n<\/div>\n\n\n\n<div class=\"wp-block-group is-vertical is-content-justification-center is-layout-flex wp-container-core-group-is-layout-13 wp-block-group-is-layout-flex\">\n<figure class=\"wp-block-image size-full\"><a href=\"https:\/\/amoryrestauracion.co\/main\/wp-content\/uploads\/2024\/08\/PastoresEdgar-400x280-1.png\"><img loading=\"lazy\" decoding=\"async\" width=\"200\" height=\"200\" src=\"https:\/\/amoryrestauracion.co\/main\/wp-content\/uploads\/2024\/08\/PastoresEdgar-400x280-1.png\" alt=\"\" class=\"wp-image-2384\" srcset=\"https:\/\/amoryrestauracion.co\/main\/wp-content\/uploads\/2024\/08\/PastoresEdgar-400x280-1.png 200w, https:\/\/amoryrestauracion.co\/main\/wp-content\/uploads\/2024\/08\/PastoresEdgar-400x280-1-150x150.png 150w, https:\/\/amoryrestauracion.co\/main\/wp-content\/uploads\/2024\/08\/PastoresEdgar-400x280-1-100x100.png 100w\" sizes=\"(max-width: 200px) 100vw, 200px\" \/><\/a><\/figure>\n\n\n\n<p class=\"has-text-align-center has-custom-azul-medio-color has-text-color has-link-color wp-elements-f8b99308c07371ba35b28e54f5ae011e\">Edgar D\u00edaz<br><strong><em>Pastor.<\/em><\/strong><\/p>\n<\/div>\n<\/div>\n<\/div><\/details>\n<\/div>\n<\/div>\n","protected":false},"excerpt":{"rendered":"<p>Quienes somos Somos familias que establecen y extienden la voluntad de Dios en la tierra por medio de su amor. Nuestro prop\u00f3sito. Ser y hacer disc\u00edpulos de Cristo que hagan la voluntad de Dios En la tierra como en el cielo; cuyo amor se manifieste a nivel Personal, familiar y congregacional, transformando comunidades ciudades y&#8230;<\/p>\n","protected":false},"author":1,"featured_media":0,"parent":0,"menu_order":0,"comment_status":"closed","ping_status":"closed","template":"page-full-width","meta":{"_themeisle_gutenberg_block_has_review":false,"footnotes":""},"class_list":["post-2373","page","type-page","status-publish","hentry"],"_links":{"self":[{"href":"https:\/\/amoryrestauracion.co\/main\/wp-json\/wp\/v2\/pages\/2373","targetHints":{"allow":["GET"]}}],"collection":[{"href":"https:\/\/amoryrestauracion.co\/main\/wp-json\/wp\/v2\/pages"}],"about":[{"href":"https:\/\/amoryrestauracion.co\/main\/wp-json\/wp\/v2\/types\/page"}],"author":[{"embeddable":true,"href":"https:\/\/amoryrestauracion.co\/main\/wp-json\/wp\/v2\/users\/1"}],"replies":[{"embeddable":true,"href":"https:\/\/amoryrestauracion.co\/main\/wp-json\/wp\/v2\/comments?post=2373"}],"version-history":[{"count":16,"href":"https:\/\/amoryrestauracion.co\/main\/wp-json\/wp\/v2\/pages\/2373\/revisions"}],"predecessor-version":[{"id":2673,"href":"https:\/\/amoryrestauracion.co\/main\/wp-json\/wp\/v2\/pages\/2373\/revisions\/2673"}],"wp:attachment":[{"href":"https:\/\/amoryrestauracion.co\/main\/wp-json\/wp\/v2\/media?parent=2373"}],"curies":[{"name":"wp","href":"https:\/\/api.w.org\/{rel}","templated":true}]}}